{"id":1405,"date":"2022-04-01T11:25:00","date_gmt":"2022-04-01T09:25:00","guid":{"rendered":"https:\/\/germacare.com\/?page_id=1405"},"modified":"2025-05-22T14:31:20","modified_gmt":"2025-05-22T12:31:20","slug":"impressum","status":"publish","type":"page","link":"https:\/\/germacare.com\/de\/impressum\/","title":{"rendered":"Impressum"},"content":{"rendered":"\t\t<div data-elementor-type=\"wp-page\" data-elementor-id=\"1405\" class=\"elementor elementor-1405\" data-elementor-post-type=\"page\">\n\t\t\t\t\t\t<section class=\"elementor-section elementor-top-section elementor-element elementor-element-8e5283c elementor-section-height-min-height elementor-section-boxed elementor-section-height-default elementor-section-items-middle\" data-id=\"8e5283c\" data-element_type=\"section\" data-settings=\"{&quot;background_background&quot;:&quot;classic&quot;}\">\n\t\t\t\t\t\t<div class=\"elementor-container elementor-column-gap-default\">\n\t\t\t\t\t<div class=\"elementor-column elementor-col-100 elementor-top-column elementor-element elementor-element-363291c\" data-id=\"363291c\" data-element_type=\"column\">\n\t\t\t<div class=\"elementor-widget-wrap elementor-element-populated\">\n\t\t\t\t\t\t<div class=\"elementor-element elementor-element-db9ef82 elementor-widget elementor-widget-text-editor\" data-id=\"db9ef82\" data-element_type=\"widget\" data-widget_type=\"text-editor.default\">\n\t\t\t\t<div class=\"elementor-widget-container\">\n\t\t\t\t\t\t\t\t\t<p>unternehmen<\/p><h1>Impressum<\/h1>\t\t\t\t\t\t\t\t<\/div>\n\t\t\t\t<\/div>\n\t\t\t\t<div class=\"elementor-element elementor-element-58db589 elementor-widget elementor-widget-spacer\" data-id=\"58db589\" data-element_type=\"widget\" data-widget_type=\"spacer.default\">\n\t\t\t\t<div class=\"elementor-widget-container\">\n\t\t\t\t\t\t\t<div class=\"elementor-spacer\">\n\t\t\t<div class=\"elementor-spacer-inner\"><\/div>\n\t\t<\/div>\n\t\t\t\t\t\t<\/div>\n\t\t\t\t<\/div>\n\t\t\t\t\t<\/div>\n\t\t<\/div>\n\t\t\t\t\t<\/div>\n\t\t<\/section>\n\t\t\t\t<section class=\"elementor-section elementor-top-section elementor-element elementor-element-85955b2 elementor-section-boxed elementor-section-height-default elementor-section-height-default\" data-id=\"85955b2\" data-element_type=\"section\">\n\t\t\t\t\t\t<div class=\"elementor-container elementor-column-gap-default\">\n\t\t\t\t\t<div class=\"elementor-column elementor-col-100 elementor-top-column elementor-element elementor-element-ca8f6b7\" data-id=\"ca8f6b7\" data-element_type=\"column\">\n\t\t\t<div class=\"elementor-widget-wrap elementor-element-populated\">\n\t\t\t\t\t\t<div class=\"elementor-element elementor-element-30b0521 elementor-widget elementor-widget-text-editor\" data-id=\"30b0521\" data-element_type=\"widget\" data-widget_type=\"text-editor.default\">\n\t\t\t\t<div class=\"elementor-widget-container\">\n\t\t\t\t\t\t\t\t\t<section>\n<div>\n<div>\n<div>\n<h2>Impressum<\/h2>\n<p style=\"margin: 0cm; font-size: 12pt; font-family: &quot;Times New Roman&quot;, serif; color: rgb(0, 0, 0); line-height: 24px;\"><strong><span style=\"font-size: 11pt; line-height: 22px; font-family: Arial, sans-serif;\">BurnusCare<\/span><\/strong><span style=\"font-size: 11pt; line-height: 22px; font-family: Arial, sans-serif;\">&nbsp;<\/span><strong><span style=\"font-size: 11pt; line-height: 22px; font-family: Arial, sans-serif;\">GmbH<\/span><\/strong><span style=\"font-size: 11pt; line-height: 22px; font-family: Arial, sans-serif;\"><br>Augustenstra\u00dfe 68a<br>80333 M\u00fcnchen<o:p><\/o:p><\/span><\/p><p style=\"margin: 0cm; font-size: 12pt; font-family: &quot;Times New Roman&quot;, serif; color: rgb(0, 0, 0); line-height: 24px;\"><span style=\"font-size: 11pt; line-height: 22px; font-family: Arial, sans-serif;\">Telefon:&nbsp;+49 6151 873-5<br>E-Mail:&nbsp;contact@burnuscare.com<o:p><\/o:p><\/span><\/p><p style=\"margin-right: 0cm; margin-left: 0cm; font-size: 12pt; font-family: &quot;Times New Roman&quot;, serif; color: rgb(0, 0, 0); line-height: 24px;\"><span style=\"font-size: 11pt; line-height: 22px; font-family: Arial, sans-serif;\">&nbsp;<o:p><\/o:p><\/span><\/p><p style=\"margin-right: 0cm; margin-left: 0cm; font-size: 12pt; font-family: &quot;Times New Roman&quot;, serif; color: rgb(0, 0, 0); line-height: 24px;\"><strong><span style=\"font-size: 11pt; line-height: 22px; font-family: Arial, sans-serif;\">Vertreten durch:<\/span><\/strong><span style=\"font-size: 11pt; line-height: 22px; font-family: Arial, sans-serif;\"><br>Gesch\u00e4ftsf\u00fchrer Frank Heller, Marc Basler<o:p><\/o:p><\/span><\/p><p style=\"margin-right: 0cm; margin-left: 0cm; font-size: 12pt; font-family: &quot;Times New Roman&quot;, serif; color: rgb(0, 0, 0); line-height: 24px;\"><span style=\"font-size: 11pt; line-height: 22px; font-family: Arial, sans-serif;\">&nbsp;<o:p><\/o:p><\/span><\/p><p style=\"margin-right: 0cm; margin-left: 0cm; font-size: 12pt; font-family: &quot;Times New Roman&quot;, serif; color: rgb(0, 0, 0); line-height: 24px;\"><strong><span style=\"font-size: 11pt; line-height: 22px; font-family: Arial, sans-serif;\">Registereintrag:<\/span><\/strong><span style=\"font-size: 11pt; line-height: 22px; font-family: Arial, sans-serif;\"><br>Eingetragen im Handelsregister<br>Registergericht: Amtsgericht M\u00fcnchen<br>Registernummer: HRB 279324<o:p><\/o:p><\/span><\/p><p style=\"margin-right: 0cm; margin-left: 0cm; font-size: 12pt; font-family: &quot;Times New Roman&quot;, serif; color: rgb(0, 0, 0); line-height: 24px;\"><span style=\"font-size: 11pt; line-height: 22px; font-family: Arial, sans-serif;\">&nbsp;<o:p><\/o:p><\/span><\/p><p style=\"margin-right: 0cm; margin-left: 0cm; font-size: 12pt; font-family: &quot;Times New Roman&quot;, serif; color: rgb(0, 0, 0); line-height: 24px;\"><strong><span style=\"font-size: 11pt; line-height: 22px; font-family: Arial, sans-serif;\">Umsatzsteuer-Identifikationsnummer gem. \u00a727a UStG:<\/span><\/strong><span style=\"font-size: 11pt; line-height: 22px; font-family: Arial, sans-serif;\"><br>DE357907193<o:p><\/o:p><\/span><\/p><p style=\"margin-right: 0cm; margin-left: 0cm; font-size: 12pt; font-family: &quot;Times New Roman&quot;, serif; color: rgb(0, 0, 0); line-height: 24px;\"><span style=\"font-size: 11pt; line-height: 22px; font-family: Arial, sans-serif;\">&nbsp;<o:p><\/o:p><\/span><\/p><p style=\"margin-right: 0cm; margin-left: 0cm; font-size: 12pt; font-family: &quot;Times New Roman&quot;, serif; color: rgb(0, 0, 0); line-height: 24px;\"><strong><span style=\"font-size: 11pt; line-height: 22px; font-family: Arial, sans-serif;\">Berufshaftpflichtversicherung:<\/span><\/strong><span style=\"font-size: 11pt; line-height: 22px; font-family: Arial, sans-serif;\"><br>ERGO Versicherung AG<br>ERGO-Platz 1<br>40198 D\u00fcsseldorf<br>Geltungsbereich: Deutschland<o:p><\/o:p><\/span><\/p><p style=\"margin-right: 0cm; margin-left: 0cm; font-size: 12pt; font-family: &quot;Times New Roman&quot;, serif; color: rgb(0, 0, 0); line-height: 24px;\"><span style=\"font-size: 11pt; line-height: 22px; font-family: Arial, sans-serif;\">&nbsp;<o:p><\/o:p><\/span><\/p><p style=\"margin-right: 0cm; margin-left: 0cm; font-size: 12pt; font-family: &quot;Times New Roman&quot;, serif; color: rgb(0, 0, 0); line-height: 24px;\"><strong><span style=\"font-size: 11pt; line-height: 22px; font-family: Arial, sans-serif;\">Hinweis gem. Online-Streitbeilegungs-Verordnung:<\/span><\/strong><span style=\"font-size: 11pt; line-height: 22px; font-family: Arial, sans-serif;\"><br>Nach geltendem Recht sind wir verpflichtet, Verbraucher auf die Existenz der Europ\u00e4ischen Online-Streitbeilegungsplattform hinzuweisen, die f\u00fcr die Beilegung von Streitigkeiten genutzt werden kann, ohne dass ein Gericht eingeschaltet werden muss. F\u00fcr die Einrichtung der Plattform ist die Europ\u00e4ische Kommission zust\u00e4ndig.<br><br>Die Europ\u00e4ische Online-Streitbeilegungsplattform ist zu finden unter:&nbsp;<\/span><a href=\"https:\/\/ec.europa.eu\/consumers\/odr\/main\/?lng=DE\" target=\"_blank\" style=\"color: blue; text-decoration-line: underline;\"><span style=\"font-size: 11pt; line-height: 22px; font-family: Arial, sans-serif;\">https:\/\/ec.europa.eu\/consumers\/odr\/main\/<\/span><\/a><span style=\"font-size: 11pt; line-height: 22px; font-family: Arial, sans-serif;\"><br><br>Unsere E-Mail-Adresse lautet:&nbsp;<\/span><a href=\"https:\/\/www.burnuscare.com\/\" style=\"color: blue; text-decoration-line: underline;\"><span style=\"font-size: 11pt; line-height: 22px; font-family: Arial, sans-serif;\">contact@burnuscare.com<\/span><\/a><span style=\"font-size: 11pt; line-height: 22px; font-family: Arial, sans-serif;\"><o:p><\/o:p><\/span><\/p><p style=\"margin-right: 0cm; margin-left: 0cm; font-size: 12pt; font-family: &quot;Times New Roman&quot;, serif; color: rgb(0, 0, 0); line-height: 24px;\"><span style=\"font-size: 11pt; line-height: 22px; font-family: Arial, sans-serif;\">Wir weisen darauf hin, dass wir nicht bereit sind, uns am Streitbeilegungsverfahren im Rahmen der Europ\u00e4ischen Online-Streitbeilegungsplattform zu beteiligen. Nutzen Sie zur Kontaktaufnahme bitte unsere obige E-Mail-Adresse oder Telefonnummer.<o:p><\/o:p><\/span><\/p><p style=\"margin-right: 0cm; margin-left: 0cm; font-size: 12pt; font-family: &quot;Times New Roman&quot;, serif; color: rgb(0, 0, 0); line-height: 24px;\"><span style=\"font-size: 11pt; line-height: 22px; font-family: Arial, sans-serif;\">&nbsp;<o:p><\/o:p><\/span><\/p><p style=\"margin-right: 0cm; margin-left: 0cm; font-size: 12pt; font-family: &quot;Times New Roman&quot;, serif; color: rgb(0, 0, 0); line-height: 24px;\"><strong><span style=\"font-size: 11pt; line-height: 22px; font-family: Arial, sans-serif;\">Design &amp; Programmierung<\/span><\/strong><span style=\"font-size: 11pt; line-height: 22px; font-family: Arial, sans-serif;\"><br><\/span><a href=\"https:\/\/medienpalast.net\/\" target=\"_blank\" title=\"Digitalagentur\" style=\"color: blue; text-decoration-line: underline;\"><span style=\"font-size: 11pt; line-height: 22px; font-family: Arial, sans-serif;\">Medienpalast<\/span><\/a><span style=\"font-size: 11pt; line-height: 22px; font-family: Arial, sans-serif;\"><o:p><\/o:p><\/span><\/p><p style=\"margin-right: 0cm; margin-left: 0cm; font-size: 12pt; font-family: &quot;Times New Roman&quot;, serif; color: rgb(0, 0, 0); line-height: 24px;\"><strong><span style=\"font-size: 11pt; line-height: 22px; font-family: Arial, sans-serif;\">&nbsp;<\/span><\/strong><\/p><p style=\"margin-right: 0cm; margin-left: 0cm; font-size: 12pt; font-family: &quot;Times New Roman&quot;, serif; color: rgb(0, 0, 0); line-height: 24px;\"><strong><span style=\"font-size: 11pt; line-height: 22px; font-family: Arial, sans-serif;\">DISCLAIMER<\/span><\/strong><span style=\"font-size: 11pt; line-height: 22px; font-family: Arial, sans-serif;\"><o:p><\/o:p><\/span><\/p><p style=\"margin-right: 0cm; margin-left: 0cm; font-size: 12pt; font-family: &quot;Times New Roman&quot;, serif; color: rgb(0, 0, 0); line-height: 24px;\"><strong><span style=\"font-size: 11pt; line-height: 22px; font-family: Arial, sans-serif;\">Warnhinweis zu Inhalten:<\/span><\/strong><span style=\"font-size: 11pt; line-height: 22px; font-family: Arial, sans-serif;\"><br>Die kostenlosen und frei zug\u00e4nglichen Inhalte dieser Webseite wurden mit gr\u00f6\u00dftm\u00f6glicher Sorgfalt erstellt. Wir als Anbieter dieser Webseite \u00fcbernehmen jedoch keine Gew\u00e4hr f\u00fcr die Richtigkeit und Aktualit\u00e4t der bereitgestellten und frei zug\u00e4nglichen Inhalte. Namentlich gekennzeichnete Beitr\u00e4ge geben die Meinung des jeweiligen Autors und nicht immer die Meinung des Anbieters wieder. Allein durch den Aufruf dieser frei zug\u00e4nglichen Inhalte kommt keinerlei Vertragsverh\u00e4ltnis zwischen dem Nutzer und dem Anbieter zustande, insoweit fehlt es am Rechtsbindungswillen des Anbieters.<o:p><\/o:p><\/span><\/p><p style=\"margin-right: 0cm; margin-left: 0cm; font-size: 12pt; font-family: &quot;Times New Roman&quot;, serif; color: rgb(0, 0, 0); line-height: 24px;\"><span style=\"font-size: 11pt; line-height: 22px; font-family: Arial, sans-serif;\">&nbsp;<o:p><\/o:p><\/span><\/p><p style=\"margin-right: 0cm; margin-left: 0cm; font-size: 12pt; font-family: &quot;Times New Roman&quot;, serif; color: rgb(0, 0, 0); line-height: 24px;\"><strong><span style=\"font-size: 11pt; line-height: 22px; font-family: Arial, sans-serif;\">Externe Links:<\/span><\/strong><span style=\"font-size: 11pt; line-height: 22px; font-family: Arial, sans-serif;\"><br>Diese Website enth\u00e4lt Verkn\u00fcpfungen zu Websites Dritter (externe Links). Diese Websites unterliegen der Haftung der jeweiligen Betreiber. Der Anbieter hat bei der erstmaligen Verkn\u00fcpfung der externen Links die fremden Inhalte daraufhin \u00fcberpr\u00fcft, ob etwaige Rechtsverst\u00f6\u00dfe bestehen. Zu diesem Zeitpunkt waren keine Rechtsverst\u00f6\u00dfe ersichtlich. Der Anbieter hat keinerlei Einfluss auf die aktuelle und zuk\u00fcnftige Gestaltung und auf die Inhalte der verkn\u00fcpften Seiten. Das Setzen von externen Links bedeutet nicht, dass sich der Anbieter die hinter dem Verweis oder Link liegenden Inhalte zu Eigen macht. Eine st\u00e4ndige Kontrolle der externen Links ist f\u00fcr den Anbieter ohne konkrete Hinweise auf Rechtsverst\u00f6\u00dfe nicht zumutbar. Bei Kenntnis von Rechtsverst\u00f6\u00dfen werden jedoch derartige externe Links unverz\u00fcglich gel\u00f6scht.<o:p><\/o:p><\/span><\/p><p style=\"margin-right: 0cm; margin-left: 0cm; font-size: 12pt; font-family: &quot;Times New Roman&quot;, serif; color: rgb(0, 0, 0); line-height: 24px;\"><strong><span style=\"font-size: 11pt; line-height: 22px; font-family: Arial, sans-serif;\">Urheber- und Leistungsschutzrechte:<\/span><\/strong><span style=\"font-size: 11pt; line-height: 22px; font-family: Arial, sans-serif;\"><br>Die auf dieser Website ver\u00f6ffentlichten Inhalte unterliegen dem deutschen Urheber- und Leistungsschutzrecht. Jede vom deutschen Urheber- und Leistungsschutzrecht nicht zugelassene Verwertung bedarf der vorherigen schriftlichen Zustimmung des Anbieters oder des jeweiligen Rechteinhabers. Dies gilt insbesondere f\u00fcr Vervielf\u00e4ltigung, Bearbeitung, \u00dcbersetzung, Speicherung, Verarbeitung bzw. Wiedergabe von Inhalten in Datenbanken oder anderen elektronischen Medien und Systemen. Inhalte und Rechte Dritter sind dabei als solche gekennzeichnet. Die unerlaubte Vervielf\u00e4ltigung oder Weitergabe einzelner Inhalte oder ganzer Seiten ist nicht gestattet und strafbar. Nur die Herstellung von Kopien und das Herunterladen f\u00fcr den pers\u00f6nlichen, privaten und nicht kommerziellen Gebrauch ist erlaubt.<\/span><\/p><\/div><div>\n<div>&nbsp;<\/div>\n<\/div>\n<\/div>\n<\/div>\n<\/section>\t\t\t\t\t\t\t\t<\/div>\n\t\t\t\t<\/div>\n\t\t\t\t\t<\/div>\n\t\t<\/div>\n\t\t\t\t\t<\/div>\n\t\t<\/section>\n\t\t\t\t<\/div>\n\t\t","protected":false},"excerpt":{"rendered":"<p>unternehmen Impressum Impressum BurnusCare&nbsp;GmbHAugustenstra\u00dfe 68a80333 M\u00fcnchen Telefon:&nbsp;+49 6151 873-5E-Mail:&nbsp;contact@burnuscare.com &nbsp; Vertreten durch:Gesch\u00e4ftsf\u00fchrer Frank Heller, Marc Basler &nbsp; Registereintrag:Eingetragen im HandelsregisterRegistergericht: Amtsgericht M\u00fcnchenRegisternummer: HRB 279324 &nbsp; Umsatzsteuer-Identifikationsnummer gem. \u00a727a UStG:DE357907193 &nbsp; Berufshaftpflichtversicherung:ERGO Versicherung AGERGO-Platz 140198 D\u00fcsseldorfGeltungsbereich: Deutschland &nbsp; Hinweis gem. Online-Streitbeilegungs-Verordnung:Nach geltendem Recht sind wir verpflichtet, Verbraucher auf die Existenz der Europ\u00e4ischen Online-Streitbeilegungsplattform hinzuweisen, die f\u00fcr [&hellip;]<\/p>\n","protected":false},"author":1,"featured_media":0,"parent":0,"menu_order":0,"comment_status":"closed","ping_status":"closed","template":"","meta":{"inline_featured_image":false,"footnotes":""},"class_list":["post-1405","page","type-page","status-publish","hentry"],"yoast_head":"<!-- This site is optimized with the Yoast SEO plugin v24.5 - https:\/\/yoast.com\/wordpress\/plugins\/seo\/ -->\n<title>Impressum - Germacare<\/title>\n<meta name=\"robots\" content=\"index, follow, max-snippet:-1, max-image-preview:large, max-video-preview:-1\" \/>\n<link rel=\"canonical\" href=\"https:\/\/germacare.com\/de\/impressum\/\" \/>\n<meta property=\"og:locale\" content=\"de_DE\" \/>\n<meta property=\"og:type\" content=\"article\" \/>\n<meta property=\"og:title\" content=\"Impressum - Germacare\" \/>\n<meta property=\"og:description\" content=\"unternehmen Impressum Impressum BurnusCare&nbsp;GmbHAugustenstra\u00dfe 68a80333 M\u00fcnchen Telefon:&nbsp;+49 6151 873-5E-Mail:&nbsp;contact@burnuscare.com &nbsp; Vertreten durch:Gesch\u00e4ftsf\u00fchrer Frank Heller, Marc Basler &nbsp; Registereintrag:Eingetragen im HandelsregisterRegistergericht: Amtsgericht M\u00fcnchenRegisternummer: HRB 279324 &nbsp; Umsatzsteuer-Identifikationsnummer gem. \u00a727a UStG:DE357907193 &nbsp; Berufshaftpflichtversicherung:ERGO Versicherung AGERGO-Platz 140198 D\u00fcsseldorfGeltungsbereich: Deutschland &nbsp; Hinweis gem. Online-Streitbeilegungs-Verordnung:Nach geltendem Recht sind wir verpflichtet, Verbraucher auf die Existenz der Europ\u00e4ischen Online-Streitbeilegungsplattform hinzuweisen, die f\u00fcr [&hellip;]\" \/>\n<meta property=\"og:url\" content=\"https:\/\/germacare.com\/de\/impressum\/\" \/>\n<meta property=\"og:site_name\" content=\"Germacare\" \/>\n<meta property=\"article:modified_time\" content=\"2025-05-22T12:31:20+00:00\" \/>\n<meta name=\"twitter:card\" content=\"summary_large_image\" \/>\n<meta name=\"twitter:label1\" content=\"Gesch\u00e4tzte Lesezeit\" \/>\n\t<meta name=\"twitter:data1\" content=\"3\u00a0Minuten\" \/>\n<script type=\"application\/ld+json\" class=\"yoast-schema-graph\">{\"@context\":\"https:\/\/schema.org\",\"@graph\":[{\"@type\":\"WebPage\",\"@id\":\"https:\/\/germacare.com\/de\/impressum\/\",\"url\":\"https:\/\/germacare.com\/de\/impressum\/\",\"name\":\"Impressum - Germacare\",\"isPartOf\":{\"@id\":\"https:\/\/germacare.com\/de\/#website\"},\"datePublished\":\"2022-04-01T09:25:00+00:00\",\"dateModified\":\"2025-05-22T12:31:20+00:00\",\"breadcrumb\":{\"@id\":\"https:\/\/germacare.com\/de\/impressum\/#breadcrumb\"},\"inLanguage\":\"de\",\"potentialAction\":[{\"@type\":\"ReadAction\",\"target\":[\"https:\/\/germacare.com\/de\/impressum\/\"]}]},{\"@type\":\"BreadcrumbList\",\"@id\":\"https:\/\/germacare.com\/de\/impressum\/#breadcrumb\",\"itemListElement\":[{\"@type\":\"ListItem\",\"position\":1,\"name\":\"Startseite\",\"item\":\"https:\/\/germacare.com\/de\/\"},{\"@type\":\"ListItem\",\"position\":2,\"name\":\"Impressum\"}]},{\"@type\":\"WebSite\",\"@id\":\"https:\/\/germacare.com\/de\/#website\",\"url\":\"https:\/\/germacare.com\/de\/\",\"name\":\"Germacare\",\"description\":\"WHERE LOVE MEETS CARE\",\"publisher\":{\"@id\":\"https:\/\/germacare.com\/de\/#organization\"},\"potentialAction\":[{\"@type\":\"SearchAction\",\"target\":{\"@type\":\"EntryPoint\",\"urlTemplate\":\"https:\/\/germacare.com\/de\/?s={search_term_string}\"},\"query-input\":{\"@type\":\"PropertyValueSpecification\",\"valueRequired\":true,\"valueName\":\"search_term_string\"}}],\"inLanguage\":\"de\"},{\"@type\":\"Organization\",\"@id\":\"https:\/\/germacare.com\/de\/#organization\",\"name\":\"Germacare\",\"url\":\"https:\/\/germacare.com\/de\/\",\"logo\":{\"@type\":\"ImageObject\",\"inLanguage\":\"de\",\"@id\":\"https:\/\/germacare.com\/de\/#\/schema\/logo\/image\/\",\"url\":\"https:\/\/germacare.com\/wp-content\/uploads\/2022\/02\/cropped-GC_Logo_mobile.png\",\"contentUrl\":\"https:\/\/germacare.com\/wp-content\/uploads\/2022\/02\/cropped-GC_Logo_mobile.png\",\"width\":381,\"height\":96,\"caption\":\"Germacare\"},\"image\":{\"@id\":\"https:\/\/germacare.com\/de\/#\/schema\/logo\/image\/\"},\"sameAs\":[\"https:\/\/www.instagram.com\/germacare.de\/\"]}]}<\/script>\n<!-- \/ Yoast SEO plugin. -->","yoast_head_json":{"title":"Impressum - Germacare","robots":{"index":"index","follow":"follow","max-snippet":"max-snippet:-1","max-image-preview":"max-image-preview:large","max-video-preview":"max-video-preview:-1"},"canonical":"https:\/\/germacare.com\/de\/impressum\/","og_locale":"de_DE","og_type":"article","og_title":"Impressum - Germacare","og_description":"unternehmen Impressum Impressum BurnusCare&nbsp;GmbHAugustenstra\u00dfe 68a80333 M\u00fcnchen Telefon:&nbsp;+49 6151 873-5E-Mail:&nbsp;contact@burnuscare.com &nbsp; Vertreten durch:Gesch\u00e4ftsf\u00fchrer Frank Heller, Marc Basler &nbsp; Registereintrag:Eingetragen im HandelsregisterRegistergericht: Amtsgericht M\u00fcnchenRegisternummer: HRB 279324 &nbsp; Umsatzsteuer-Identifikationsnummer gem. \u00a727a UStG:DE357907193 &nbsp; Berufshaftpflichtversicherung:ERGO Versicherung AGERGO-Platz 140198 D\u00fcsseldorfGeltungsbereich: Deutschland &nbsp; Hinweis gem. Online-Streitbeilegungs-Verordnung:Nach geltendem Recht sind wir verpflichtet, Verbraucher auf die Existenz der Europ\u00e4ischen Online-Streitbeilegungsplattform hinzuweisen, die f\u00fcr [&hellip;]","og_url":"https:\/\/germacare.com\/de\/impressum\/","og_site_name":"Germacare","article_modified_time":"2025-05-22T12:31:20+00:00","twitter_card":"summary_large_image","twitter_misc":{"Gesch\u00e4tzte Lesezeit":"3\u00a0Minuten"},"schema":{"@context":"https:\/\/schema.org","@graph":[{"@type":"WebPage","@id":"https:\/\/germacare.com\/de\/impressum\/","url":"https:\/\/germacare.com\/de\/impressum\/","name":"Impressum - Germacare","isPartOf":{"@id":"https:\/\/germacare.com\/de\/#website"},"datePublished":"2022-04-01T09:25:00+00:00","dateModified":"2025-05-22T12:31:20+00:00","breadcrumb":{"@id":"https:\/\/germacare.com\/de\/impressum\/#breadcrumb"},"inLanguage":"de","potentialAction":[{"@type":"ReadAction","target":["https:\/\/germacare.com\/de\/impressum\/"]}]},{"@type":"BreadcrumbList","@id":"https:\/\/germacare.com\/de\/impressum\/#breadcrumb","itemListElement":[{"@type":"ListItem","position":1,"name":"Startseite","item":"https:\/\/germacare.com\/de\/"},{"@type":"ListItem","position":2,"name":"Impressum"}]},{"@type":"WebSite","@id":"https:\/\/germacare.com\/de\/#website","url":"https:\/\/germacare.com\/de\/","name":"Germacare","description":"WHERE LOVE MEETS CARE","publisher":{"@id":"https:\/\/germacare.com\/de\/#organization"},"potentialAction":[{"@type":"SearchAction","target":{"@type":"EntryPoint","urlTemplate":"https:\/\/germacare.com\/de\/?s={search_term_string}"},"query-input":{"@type":"PropertyValueSpecification","valueRequired":true,"valueName":"search_term_string"}}],"inLanguage":"de"},{"@type":"Organization","@id":"https:\/\/germacare.com\/de\/#organization","name":"Germacare","url":"https:\/\/germacare.com\/de\/","logo":{"@type":"ImageObject","inLanguage":"de","@id":"https:\/\/germacare.com\/de\/#\/schema\/logo\/image\/","url":"https:\/\/germacare.com\/wp-content\/uploads\/2022\/02\/cropped-GC_Logo_mobile.png","contentUrl":"https:\/\/germacare.com\/wp-content\/uploads\/2022\/02\/cropped-GC_Logo_mobile.png","width":381,"height":96,"caption":"Germacare"},"image":{"@id":"https:\/\/germacare.com\/de\/#\/schema\/logo\/image\/"},"sameAs":["https:\/\/www.instagram.com\/germacare.de\/"]}]}},"_links":{"self":[{"href":"https:\/\/germacare.com\/de\/wp-json\/wp\/v2\/pages\/1405","targetHints":{"allow":["GET"]}}],"collection":[{"href":"https:\/\/germacare.com\/de\/wp-json\/wp\/v2\/pages"}],"about":[{"href":"https:\/\/germacare.com\/de\/wp-json\/wp\/v2\/types\/page"}],"author":[{"embeddable":true,"href":"https:\/\/germacare.com\/de\/wp-json\/wp\/v2\/users\/1"}],"replies":[{"embeddable":true,"href":"https:\/\/germacare.com\/de\/wp-json\/wp\/v2\/comments?post=1405"}],"version-history":[{"count":25,"href":"https:\/\/germacare.com\/de\/wp-json\/wp\/v2\/pages\/1405\/revisions"}],"predecessor-version":[{"id":3374,"href":"https:\/\/germacare.com\/de\/wp-json\/wp\/v2\/pages\/1405\/revisions\/3374"}],"wp:attachment":[{"href":"https:\/\/germacare.com\/de\/wp-json\/wp\/v2\/media?parent=1405"}],"curies":[{"name":"wp","href":"https:\/\/api.w.org\/{rel}","templated":true}]}}