{"id":692,"date":"2022-03-23T10:10:21","date_gmt":"2022-03-23T09:10:21","guid":{"rendered":"https:\/\/germacare.com\/?page_id=692"},"modified":"2024-11-07T13:37:53","modified_gmt":"2024-11-07T12:37:53","slug":"unternehmen","status":"publish","type":"page","link":"https:\/\/germacare.com\/de\/unternehmen\/","title":{"rendered":"Unternehmen"},"content":{"rendered":"\t\t<div data-elementor-type=\"wp-page\" data-elementor-id=\"692\" class=\"elementor elementor-692\" data-elementor-post-type=\"page\">\n\t\t\t\t\t\t<section class=\"elementor-section elementor-top-section elementor-element elementor-element-8e5283c elementor-section-height-min-height elementor-section-boxed elementor-section-height-default elementor-section-items-middle\" data-id=\"8e5283c\" data-element_type=\"section\" data-settings=\"{&quot;background_background&quot;:&quot;video&quot;,&quot;background_video_link&quot;:&quot;https:\\\/\\\/germacare.com\\\/wp-content\\\/uploads\\\/2022\\\/03\\\/drop.mp4&quot;}\">\n\t\t\t\t\t\t\t\t<div class=\"elementor-background-video-container elementor-hidden-mobile\">\n\t\t\t\t\t\t\t\t\t\t\t\t\t<video class=\"elementor-background-video-hosted\" autoplay muted playsinline loop><\/video>\n\t\t\t\t\t\t\t\t\t\t\t<\/div>\n\t\t\t\t\t\t\t\t\t<div class=\"elementor-background-overlay\"><\/div>\n\t\t\t\t\t\t\t<div class=\"elementor-container elementor-column-gap-default\">\n\t\t\t\t\t<div class=\"elementor-column elementor-col-100 elementor-top-column elementor-element elementor-element-363291c\" data-id=\"363291c\" data-element_type=\"column\">\n\t\t\t<div class=\"elementor-widget-wrap elementor-element-populated\">\n\t\t\t\t\t\t<div class=\"elementor-element elementor-element-db9ef82 elementor-widget elementor-widget-text-editor\" data-id=\"db9ef82\" data-element_type=\"widget\" data-widget_type=\"text-editor.default\">\n\t\t\t\t<div class=\"elementor-widget-container\">\n\t\t\t\t\t\t\t\t\t<p><span style=\"color: #ffffff;\">unternehmen<\/span><\/p>\t\t\t\t\t\t\t\t<\/div>\n\t\t\t\t<\/div>\n\t\t\t\t<div class=\"elementor-element elementor-element-c56a92f elementor-widget elementor-widget-text-editor\" data-id=\"c56a92f\" data-element_type=\"widget\" data-widget_type=\"text-editor.default\">\n\t\t\t\t<div class=\"elementor-widget-container\">\n\t\t\t\t\t\t\t\t\t<h1><span style=\"color: #ffffff;\">UNSERE WERTE<\/span><\/h1>\t\t\t\t\t\t\t\t<\/div>\n\t\t\t\t<\/div>\n\t\t\t\t<div class=\"elementor-element elementor-element-58db589 elementor-widget elementor-widget-spacer\" data-id=\"58db589\" data-element_type=\"widget\" data-widget_type=\"spacer.default\">\n\t\t\t\t<div class=\"elementor-widget-container\">\n\t\t\t\t\t\t\t<div class=\"elementor-spacer\">\n\t\t\t<div class=\"elementor-spacer-inner\"><\/div>\n\t\t<\/div>\n\t\t\t\t\t\t<\/div>\n\t\t\t\t<\/div>\n\t\t\t\t\t<\/div>\n\t\t<\/div>\n\t\t\t\t\t<\/div>\n\t\t<\/section>\n\t\t\t\t<section class=\"elementor-section elementor-top-section elementor-element elementor-element-85955b2 elementor-section-boxed elementor-section-height-default elementor-section-height-default\" data-id=\"85955b2\" data-element_type=\"section\">\n\t\t\t\t\t\t<div class=\"elementor-container elementor-column-gap-default\">\n\t\t\t\t\t<div class=\"elementor-column elementor-col-100 elementor-top-column elementor-element elementor-element-ca8f6b7\" data-id=\"ca8f6b7\" data-element_type=\"column\">\n\t\t\t<div class=\"elementor-widget-wrap elementor-element-populated\">\n\t\t\t\t\t\t<div class=\"elementor-element elementor-element-30b0521 elementor-widget elementor-widget-text-editor\" data-id=\"30b0521\" data-element_type=\"widget\" data-widget_type=\"text-editor.default\">\n\t\t\t\t<div class=\"elementor-widget-container\">\n\t\t\t\t\t\t\t\t\t<h2>Unternehmen<\/h2>\t\t\t\t\t\t\t\t<\/div>\n\t\t\t\t<\/div>\n\t\t\t\t<section class=\"elementor-section elementor-inner-section elementor-element elementor-element-68c884f elementor-section-boxed elementor-section-height-default elementor-section-height-default\" data-id=\"68c884f\" data-element_type=\"section\">\n\t\t\t\t\t\t<div class=\"elementor-container elementor-column-gap-default\">\n\t\t\t\t\t<div class=\"elementor-column elementor-col-50 elementor-inner-column elementor-element elementor-element-1c0d489\" data-id=\"1c0d489\" data-element_type=\"column\">\n\t\t\t<div class=\"elementor-widget-wrap elementor-element-populated\">\n\t\t\t\t\t\t<div class=\"elementor-element elementor-element-deab7b5 elementor-widget elementor-widget-text-editor\" data-id=\"deab7b5\" data-element_type=\"widget\" data-widget_type=\"text-editor.default\">\n\t\t\t\t<div class=\"elementor-widget-container\">\n\t\t\t\t\t\t\t\t\t<p>Wir sind ein Unternehmen, das sich der nat\u00fcrlichen Hautpflege verschrieben hat. Unsere Qualit\u00e4tsgrunds\u00e4tze entspringen unserer konsequenten Ausrichtung auf Mensch und Natur. Nur was nat\u00fcrlich, unbelastet und nachweislich dermatologisch sinnvoll ist, findet in unseren Produkten Anwendung.<\/p>\t\t\t\t\t\t\t\t<\/div>\n\t\t\t\t<\/div>\n\t\t\t\t\t<\/div>\n\t\t<\/div>\n\t\t\t\t<div class=\"elementor-column elementor-col-50 elementor-inner-column elementor-element elementor-element-307ceba\" data-id=\"307ceba\" data-element_type=\"column\">\n\t\t\t<div class=\"elementor-widget-wrap elementor-element-populated\">\n\t\t\t\t\t\t<div class=\"elementor-element elementor-element-706de0b elementor-widget elementor-widget-text-editor\" data-id=\"706de0b\" data-element_type=\"widget\" data-widget_type=\"text-editor.default\">\n\t\t\t\t<div class=\"elementor-widget-container\">\n\t\t\t\t\t\t\t\t\t<p>Die Haut ist unsere empfindlichste Schnittstelle zur Au\u00dfenwelt. Hier nehmen wir unseren ersten Kontakt zur Au\u00dfenwelt auf, versp\u00fcren Ber\u00fchrung, W\u00e4rme, Geborgenheit und Liebe. F\u00fcr uns eine gro\u00dfe Verpflichtung nur beste Pflegeprodukte zu entwickeln. Germacare \u2013 where love meets care.<\/p>\t\t\t\t\t\t\t\t<\/div>\n\t\t\t\t<\/div>\n\t\t\t\t\t<\/div>\n\t\t<\/div>\n\t\t\t\t\t<\/div>\n\t\t<\/section>\n\t\t\t\t\t<\/div>\n\t\t<\/div>\n\t\t\t\t\t<\/div>\n\t\t<\/section>\n\t\t\t\t<section class=\"elementor-section elementor-top-section elementor-element elementor-element-bc14533 elementor-section-boxed elementor-section-height-default elementor-section-height-default\" data-id=\"bc14533\" data-element_type=\"section\" data-settings=\"{&quot;background_background&quot;:&quot;classic&quot;}\">\n\t\t\t\t\t\t<div class=\"elementor-container elementor-column-gap-wider\">\n\t\t\t\t\t<div class=\"elementor-column elementor-col-100 elementor-top-column elementor-element elementor-element-c653c8b\" data-id=\"c653c8b\" data-element_type=\"column\">\n\t\t\t<div class=\"elementor-widget-wrap elementor-element-populated\">\n\t\t\t\t\t\t<div class=\"elementor-element elementor-element-5dada02 elementor-widget elementor-widget-text-editor\" data-id=\"5dada02\" data-element_type=\"widget\" data-widget_type=\"text-editor.default\">\n\t\t\t\t<div class=\"elementor-widget-container\">\n\t\t\t\t\t\t\t\t\t<h2>Herkunft<\/h2>\t\t\t\t\t\t\t\t<\/div>\n\t\t\t\t<\/div>\n\t\t\t\t<div class=\"elementor-element elementor-element-4319420 elementor-widget elementor-widget-text-editor\" data-id=\"4319420\" data-element_type=\"widget\" data-widget_type=\"text-editor.default\">\n\t\t\t\t<div class=\"elementor-widget-container\">\n\t\t\t\t\t\t\t\t\t<p>Germacare ist ein Unternehmen mit Sitz in M\u00fcnchen. Das Panorama der Berge bestimmt unsere naturnahe Wertewelt. Die Klarheit der Luft, die Reinheit der B\u00e4che und das helle Licht der bayerischen Bergwelt pr\u00e4gen nicht nur unsere Sicht der Dinge, sondern auch die Wahl der Inhaltsstoffe unserer Produkte. Klar und rein wie eine frische Bergwiese.<\/p>\t\t\t\t\t\t\t\t<\/div>\n\t\t\t\t<\/div>\n\t\t\t\t<div class=\"elementor-element elementor-element-7d08c62 elementor-widget elementor-widget-text-editor\" data-id=\"7d08c62\" data-element_type=\"widget\" data-widget_type=\"text-editor.default\">\n\t\t\t\t<div class=\"elementor-widget-container\">\n\t\t\t\t\t\t\t\t\t<p><span style=\"color: #ffffff;\">Made in Bavaria \u2013 einfach gut, einfach rein.<\/span><\/p>\t\t\t\t\t\t\t\t<\/div>\n\t\t\t\t<\/div>\n\t\t\t\t\t<\/div>\n\t\t<\/div>\n\t\t\t\t\t<\/div>\n\t\t<\/section>\n\t\t\t\t<section class=\"elementor-section elementor-top-section elementor-element elementor-element-9dfa22d elementor-section-boxed elementor-section-height-default elementor-section-height-default\" data-id=\"9dfa22d\" data-element_type=\"section\" id=\"philosophie\" data-settings=\"{&quot;background_background&quot;:&quot;classic&quot;}\">\n\t\t\t\t\t\t<div class=\"elementor-container elementor-column-gap-wider\">\n\t\t\t\t\t<div class=\"elementor-column elementor-col-100 elementor-top-column elementor-element elementor-element-560dc9f\" data-id=\"560dc9f\" data-element_type=\"column\">\n\t\t\t<div class=\"elementor-widget-wrap elementor-element-populated\">\n\t\t\t\t\t\t<div class=\"elementor-element elementor-element-d66bf06 elementor-widget elementor-widget-text-editor\" data-id=\"d66bf06\" data-element_type=\"widget\" data-widget_type=\"text-editor.default\">\n\t\t\t\t<div class=\"elementor-widget-container\">\n\t\t\t\t\t\t\t\t\t<h2>Philosophie<\/h2>\t\t\t\t\t\t\t\t<\/div>\n\t\t\t\t<\/div>\n\t\t\t\t<div class=\"elementor-element elementor-element-293ea19 elementor-widget elementor-widget-text-editor\" data-id=\"293ea19\" data-element_type=\"widget\" data-widget_type=\"text-editor.default\">\n\t\t\t\t<div class=\"elementor-widget-container\">\n\t\t\t\t\t\t\t\t\t<p>Unsere Produkte werden aus naturreinen Rohstoffen hergestellt. Wir wissen um den hohen Wert unserer nat\u00fcrlichen Ressourcen. Deshalb achten wir bei Rohstoffen und Herstellung auf die Einhaltung klima- und naturfreundlicher Methoden. Nur getestete und naturreine Rohstoffe werden ausgew\u00e4hlt, um unseren Kunden Pflegeprodukte anzubieten, die die hohen Anspr\u00fcche an Qualit\u00e4t und \u00f6kologische Verantwortung erf\u00fcllen.<\/p>\t\t\t\t\t\t\t\t<\/div>\n\t\t\t\t<\/div>\n\t\t\t\t\t<\/div>\n\t\t<\/div>\n\t\t\t\t\t<\/div>\n\t\t<\/section>\n\t\t\t\t<section class=\"elementor-section elementor-top-section elementor-element elementor-element-005250a elementor-section-boxed elementor-section-height-default elementor-section-height-default\" data-id=\"005250a\" data-element_type=\"section\" data-settings=\"{&quot;background_background&quot;:&quot;classic&quot;}\">\n\t\t\t\t\t\t<div class=\"elementor-container elementor-column-gap-default\">\n\t\t\t\t\t<div class=\"elementor-column elementor-col-100 elementor-top-column elementor-element elementor-element-7af08bf\" data-id=\"7af08bf\" data-element_type=\"column\">\n\t\t\t<div class=\"elementor-widget-wrap elementor-element-populated\">\n\t\t\t\t\t\t<div class=\"elementor-element elementor-element-0113e23 elementor-widget elementor-widget-text-editor\" data-id=\"0113e23\" data-element_type=\"widget\" data-widget_type=\"text-editor.default\">\n\t\t\t\t<div class=\"elementor-widget-container\">\n\t\t\t\t\t\t\t\t\t<h1><span style=\"color: #b9d2e7;\">unsere<\/span><\/h1><h1>Wertvorstellungen<\/h1><h1><span style=\"color: #b9d2e7;\">die wir tagt\u00e4glich leben<\/span><\/h1>\t\t\t\t\t\t\t\t<\/div>\n\t\t\t\t<\/div>\n\t\t\t\t\t<\/div>\n\t\t<\/div>\n\t\t\t\t\t<\/div>\n\t\t<\/section>\n\t\t\t\t<section class=\"elementor-section elementor-top-section elementor-element elementor-element-58dd2fb elementor-section-boxed elementor-section-height-default elementor-section-height-default\" data-id=\"58dd2fb\" data-element_type=\"section\" data-settings=\"{&quot;background_background&quot;:&quot;classic&quot;}\">\n\t\t\t\t\t\t<div class=\"elementor-container elementor-column-gap-default\">\n\t\t\t\t\t<div class=\"elementor-column elementor-col-50 elementor-top-column elementor-element elementor-element-df20755\" data-id=\"df20755\" data-element_type=\"column\" data-settings=\"{&quot;background_background&quot;:&quot;classic&quot;}\">\n\t\t\t<div class=\"elementor-widget-wrap elementor-element-populated\">\n\t\t\t\t\t\t<div class=\"elementor-element elementor-element-d96f967 elementor-widget elementor-widget-text-editor\" data-id=\"d96f967\" data-element_type=\"widget\" data-widget_type=\"text-editor.default\">\n\t\t\t\t<div class=\"elementor-widget-container\">\n\t\t\t\t\t\t\t\t\t<h2><span style=\"color: #ffffff;\">SICHER UND ZUVERL\u00c4SSIG<\/span><\/h2><p><span style=\"color: #ffffff;\">Auf Basis unserer langj\u00e4hrigen Erfahrung garantieren wir unseren Kunden h\u00f6chste Produktqualit\u00e4t und Sicherheit. Sowohl Entwicklung als auch Herstellung erfolgen nach hohen deutschen Qualit\u00e4tsnormen und -standards auf hochmodernen Anlagen.<\/span><\/p>\t\t\t\t\t\t\t\t<\/div>\n\t\t\t\t<\/div>\n\t\t\t\t\t<\/div>\n\t\t<\/div>\n\t\t\t\t<div class=\"elementor-column elementor-col-50 elementor-top-column elementor-element elementor-element-64366f9\" data-id=\"64366f9\" data-element_type=\"column\" data-settings=\"{&quot;background_background&quot;:&quot;classic&quot;}\">\n\t\t\t<div class=\"elementor-widget-wrap elementor-element-populated\">\n\t\t\t\t\t\t<div class=\"elementor-element elementor-element-859b9e9 elementor-widget elementor-widget-text-editor\" data-id=\"859b9e9\" data-element_type=\"widget\" data-widget_type=\"text-editor.default\">\n\t\t\t\t<div class=\"elementor-widget-container\">\n\t\t\t\t\t\t\t\t\t<h2><span style=\"color: #ffffff;\">UMWELTFREUNDLICH<\/span><\/h2><p><span style=\"color: #ffffff;\">In \u00dcbereinstimmung mit den Klimazielen der EU und den SGE-Standards verpflichten wir uns zu umfassenden Nachhaltigkeitszielen auf allen Stufen der Herstellung und des Vertriebs unserer Produkte. Von den Inhaltsstoffen \u00fcber die Herstellung bis zur Verpackung beachten wir h\u00f6chste Umweltstandards. Zarte Babyhaut braucht nicht nur unsere Produkte, sondern auch eine reine Umwelt.<\/span><\/p>\t\t\t\t\t\t\t\t<\/div>\n\t\t\t\t<\/div>\n\t\t\t\t\t<\/div>\n\t\t<\/div>\n\t\t\t\t\t<\/div>\n\t\t<\/section>\n\t\t\t\t<section class=\"elementor-section elementor-top-section elementor-element elementor-element-974ef10 elementor-section-boxed elementor-section-height-default elementor-section-height-default\" data-id=\"974ef10\" data-element_type=\"section\" data-settings=\"{&quot;background_background&quot;:&quot;classic&quot;}\">\n\t\t\t\t\t\t<div class=\"elementor-container elementor-column-gap-default\">\n\t\t\t\t\t<div class=\"elementor-column elementor-col-50 elementor-top-column elementor-element elementor-element-d0e5797\" data-id=\"d0e5797\" data-element_type=\"column\" data-settings=\"{&quot;background_background&quot;:&quot;classic&quot;}\">\n\t\t\t<div class=\"elementor-widget-wrap elementor-element-populated\">\n\t\t\t\t\t\t<div class=\"elementor-element elementor-element-bc30f64 elementor-widget elementor-widget-text-editor\" data-id=\"bc30f64\" data-element_type=\"widget\" data-widget_type=\"text-editor.default\">\n\t\t\t\t<div class=\"elementor-widget-container\">\n\t\t\t\t\t\t\t\t\t<h2><span style=\"color: #ffffff;\">EXZELLENZ<\/span><\/h2><p><span style=\"color: #ffffff;\">Wir streben bei allem, was wir tun, nach Spitzenleistungen und wollen unseren Kunden das bestm\u00f6gliche Produkterlebnis bieten.<\/span><\/p><p><span style=\"color: #ffffff;\">Hierf\u00fcr garantieren wir unseren Kunden h\u00f6chste Produktsicherheit, von deutschen Dermatologinnen und Dermatologen mit \u201esehr gut\u201c best\u00e4tigte Hautvertr\u00e4glichkeit und qualitativ hochwertige Texturen, welche die Haut jedes Babys verw\u00f6hnen und pflegen.<\/span><\/p>\t\t\t\t\t\t\t\t<\/div>\n\t\t\t\t<\/div>\n\t\t\t\t\t<\/div>\n\t\t<\/div>\n\t\t\t\t<div class=\"elementor-column elementor-col-50 elementor-top-column elementor-element elementor-element-24bb871\" data-id=\"24bb871\" data-element_type=\"column\" data-settings=\"{&quot;background_background&quot;:&quot;classic&quot;}\">\n\t\t\t<div class=\"elementor-widget-wrap elementor-element-populated\">\n\t\t\t\t\t\t<div class=\"elementor-element elementor-element-3fe5f43 elementor-widget elementor-widget-text-editor\" data-id=\"3fe5f43\" data-element_type=\"widget\" data-widget_type=\"text-editor.default\">\n\t\t\t\t<div class=\"elementor-widget-container\">\n\t\t\t\t\t\t\t\t\t<h2><span style=\"color: #ffffff;\">INTEGRIT\u00c4T UND TRANSPARENZ<\/span><\/h2><p><span style=\"color: #ffffff;\">Gegen\u00fcber unseren Gesch\u00e4ftspartnern und allen weiteren Stakeholdern unsere Unternehmens realisieren wir h\u00f6chste Transparenz, Fairness und Verl\u00e4sslichkeit. Dieser Grundsatz gilt auch f\u00fcr die Zusammensetzung und die Inhaltsstoffe unserer Produkte sowie die Herkunft und die Herstellungsbedingungen unserer Rohstoffe.<\/span><\/p>\t\t\t\t\t\t\t\t<\/div>\n\t\t\t\t<\/div>\n\t\t\t\t\t<\/div>\n\t\t<\/div>\n\t\t\t\t\t<\/div>\n\t\t<\/section>\n\t\t\t\t<section class=\"elementor-section elementor-top-section elementor-element elementor-element-92ffaee elementor-section-boxed elementor-section-height-default elementor-section-height-default\" data-id=\"92ffaee\" data-element_type=\"section\" data-settings=\"{&quot;background_background&quot;:&quot;classic&quot;}\">\n\t\t\t\t\t\t<div class=\"elementor-container elementor-column-gap-default\">\n\t\t\t\t\t<div class=\"elementor-column elementor-col-50 elementor-top-column elementor-element elementor-element-ba20868\" data-id=\"ba20868\" data-element_type=\"column\" data-settings=\"{&quot;background_background&quot;:&quot;classic&quot;}\">\n\t\t\t<div class=\"elementor-widget-wrap elementor-element-populated\">\n\t\t\t\t\t\t<div class=\"elementor-element elementor-element-b621c81 elementor-widget elementor-widget-text-editor\" data-id=\"b621c81\" data-element_type=\"widget\" data-widget_type=\"text-editor.default\">\n\t\t\t\t<div class=\"elementor-widget-container\">\n\t\t\t\t\t\t\t\t\t<h2><span style=\"color: #ffffff;\">SELBSTVERPFLICHTUNG<\/span><\/h2><p><span style=\"color: #ffffff;\">Wir garantieren unseren Kunden jederzeit h\u00f6chste Qualit\u00e4t und Sicherheit unserer Produkte und der eingesetzten Rohstoffe. Um dies zu gew\u00e4hrleisten, verpflichten wir uns zur Einhaltung aller gesetzlichen Vorschriften und Regeln.<\/span><\/p>\t\t\t\t\t\t\t\t<\/div>\n\t\t\t\t<\/div>\n\t\t\t\t\t<\/div>\n\t\t<\/div>\n\t\t\t\t<div class=\"elementor-column elementor-col-50 elementor-top-column elementor-element elementor-element-36a38fa\" data-id=\"36a38fa\" data-element_type=\"column\" data-settings=\"{&quot;background_background&quot;:&quot;classic&quot;}\">\n\t\t\t<div class=\"elementor-widget-wrap elementor-element-populated\">\n\t\t\t\t\t\t<div class=\"elementor-element elementor-element-830e65a elementor-widget elementor-widget-text-editor\" data-id=\"830e65a\" data-element_type=\"widget\" data-widget_type=\"text-editor.default\">\n\t\t\t\t<div class=\"elementor-widget-container\">\n\t\t\t\t\t\t\t\t\t<h2><span style=\"color: #ffffff;\">SOZIALE VERANTWORTUNG<\/span><\/h2><p><span style=\"color: #ffffff;\">Als Hersteller von Babyprodukten tragen wir eine besondere Verantwortung f\u00fcr unsere Gesellschaft und die Umwelt. Deshalb engagieren wir uns in vielf\u00e4ltiger Weise im sozialen Bereich und gew\u00e4hrleisten h\u00f6chste Umweltstandards entlang unserer Lieferketten und in unserer Produktion. Ehrlichkeit, Respekt und Vertrauen sind die Grundpfeiler unserer Arbeit und bilden den Rahmen einer verl\u00e4sslichen Zusammenarbeit mit unseren Partnern.<\/span><\/p>\t\t\t\t\t\t\t\t<\/div>\n\t\t\t\t<\/div>\n\t\t\t\t\t<\/div>\n\t\t<\/div>\n\t\t\t\t\t<\/div>\n\t\t<\/section>\n\t\t\t\t<\/div>\n\t\t","protected":false},"excerpt":{"rendered":"<p>unternehmen UNSERE WERTE Unternehmen Wir sind ein Unternehmen, das sich der nat\u00fcrlichen Hautpflege verschrieben hat. Unsere Qualit\u00e4tsgrunds\u00e4tze entspringen unserer konsequenten Ausrichtung auf Mensch und Natur. Nur was nat\u00fcrlich, unbelastet und nachweislich dermatologisch sinnvoll ist, findet in unseren Produkten Anwendung. Die Haut ist unsere empfindlichste Schnittstelle zur Au\u00dfenwelt. Hier nehmen wir unseren ersten Kontakt zur Au\u00dfenwelt [&hellip;]<\/p>\n","protected":false},"author":1,"featured_media":0,"parent":0,"menu_order":0,"comment_status":"closed","ping_status":"closed","template":"","meta":{"inline_featured_image":false,"footnotes":""},"class_list":["post-692","page","type-page","status-publish","hentry"],"yoast_head":"<!-- This site is optimized with the Yoast SEO plugin v24.5 - https:\/\/yoast.com\/wordpress\/plugins\/seo\/ -->\n<title>Unternehmen - Germacare<\/title>\n<meta name=\"robots\" content=\"index, follow, max-snippet:-1, max-image-preview:large, max-video-preview:-1\" \/>\n<link rel=\"canonical\" href=\"https:\/\/germacare.com\/de\/unternehmen\/\" \/>\n<meta property=\"og:locale\" content=\"de_DE\" \/>\n<meta property=\"og:type\" content=\"article\" \/>\n<meta property=\"og:title\" content=\"Unternehmen - Germacare\" \/>\n<meta property=\"og:description\" content=\"unternehmen UNSERE WERTE Unternehmen Wir sind ein Unternehmen, das sich der nat\u00fcrlichen Hautpflege verschrieben hat. Unsere Qualit\u00e4tsgrunds\u00e4tze entspringen unserer konsequenten Ausrichtung auf Mensch und Natur. Nur was nat\u00fcrlich, unbelastet und nachweislich dermatologisch sinnvoll ist, findet in unseren Produkten Anwendung. Die Haut ist unsere empfindlichste Schnittstelle zur Au\u00dfenwelt. Hier nehmen wir unseren ersten Kontakt zur Au\u00dfenwelt [&hellip;]\" \/>\n<meta property=\"og:url\" content=\"https:\/\/germacare.com\/de\/unternehmen\/\" \/>\n<meta property=\"og:site_name\" content=\"Germacare\" \/>\n<meta property=\"article:modified_time\" content=\"2024-11-07T12:37:53+00:00\" \/>\n<meta name=\"twitter:card\" content=\"summary_large_image\" \/>\n<meta name=\"twitter:label1\" content=\"Gesch\u00e4tzte Lesezeit\" \/>\n\t<meta name=\"twitter:data1\" content=\"3\u00a0Minuten\" \/>\n<script type=\"application\/ld+json\" class=\"yoast-schema-graph\">{\"@context\":\"https:\/\/schema.org\",\"@graph\":[{\"@type\":\"WebPage\",\"@id\":\"https:\/\/germacare.com\/de\/unternehmen\/\",\"url\":\"https:\/\/germacare.com\/de\/unternehmen\/\",\"name\":\"Unternehmen - Germacare\",\"isPartOf\":{\"@id\":\"https:\/\/germacare.com\/de\/#website\"},\"datePublished\":\"2022-03-23T09:10:21+00:00\",\"dateModified\":\"2024-11-07T12:37:53+00:00\",\"breadcrumb\":{\"@id\":\"https:\/\/germacare.com\/de\/unternehmen\/#breadcrumb\"},\"inLanguage\":\"de\",\"potentialAction\":[{\"@type\":\"ReadAction\",\"target\":[\"https:\/\/germacare.com\/de\/unternehmen\/\"]}]},{\"@type\":\"BreadcrumbList\",\"@id\":\"https:\/\/germacare.com\/de\/unternehmen\/#breadcrumb\",\"itemListElement\":[{\"@type\":\"ListItem\",\"position\":1,\"name\":\"Startseite\",\"item\":\"https:\/\/germacare.com\/de\/\"},{\"@type\":\"ListItem\",\"position\":2,\"name\":\"Unternehmen\"}]},{\"@type\":\"WebSite\",\"@id\":\"https:\/\/germacare.com\/de\/#website\",\"url\":\"https:\/\/germacare.com\/de\/\",\"name\":\"Germacare\",\"description\":\"WHERE LOVE MEETS CARE\",\"publisher\":{\"@id\":\"https:\/\/germacare.com\/de\/#organization\"},\"potentialAction\":[{\"@type\":\"SearchAction\",\"target\":{\"@type\":\"EntryPoint\",\"urlTemplate\":\"https:\/\/germacare.com\/de\/?s={search_term_string}\"},\"query-input\":{\"@type\":\"PropertyValueSpecification\",\"valueRequired\":true,\"valueName\":\"search_term_string\"}}],\"inLanguage\":\"de\"},{\"@type\":\"Organization\",\"@id\":\"https:\/\/germacare.com\/de\/#organization\",\"name\":\"Germacare\",\"url\":\"https:\/\/germacare.com\/de\/\",\"logo\":{\"@type\":\"ImageObject\",\"inLanguage\":\"de\",\"@id\":\"https:\/\/germacare.com\/de\/#\/schema\/logo\/image\/\",\"url\":\"https:\/\/germacare.com\/wp-content\/uploads\/2022\/02\/cropped-GC_Logo_mobile.png\",\"contentUrl\":\"https:\/\/germacare.com\/wp-content\/uploads\/2022\/02\/cropped-GC_Logo_mobile.png\",\"width\":381,\"height\":96,\"caption\":\"Germacare\"},\"image\":{\"@id\":\"https:\/\/germacare.com\/de\/#\/schema\/logo\/image\/\"},\"sameAs\":[\"https:\/\/www.instagram.com\/germacare.de\/\"]}]}<\/script>\n<!-- \/ Yoast SEO plugin. -->","yoast_head_json":{"title":"Unternehmen - Germacare","robots":{"index":"index","follow":"follow","max-snippet":"max-snippet:-1","max-image-preview":"max-image-preview:large","max-video-preview":"max-video-preview:-1"},"canonical":"https:\/\/germacare.com\/de\/unternehmen\/","og_locale":"de_DE","og_type":"article","og_title":"Unternehmen - Germacare","og_description":"unternehmen UNSERE WERTE Unternehmen Wir sind ein Unternehmen, das sich der nat\u00fcrlichen Hautpflege verschrieben hat. Unsere Qualit\u00e4tsgrunds\u00e4tze entspringen unserer konsequenten Ausrichtung auf Mensch und Natur. Nur was nat\u00fcrlich, unbelastet und nachweislich dermatologisch sinnvoll ist, findet in unseren Produkten Anwendung. Die Haut ist unsere empfindlichste Schnittstelle zur Au\u00dfenwelt. Hier nehmen wir unseren ersten Kontakt zur Au\u00dfenwelt [&hellip;]","og_url":"https:\/\/germacare.com\/de\/unternehmen\/","og_site_name":"Germacare","article_modified_time":"2024-11-07T12:37:53+00:00","twitter_card":"summary_large_image","twitter_misc":{"Gesch\u00e4tzte Lesezeit":"3\u00a0Minuten"},"schema":{"@context":"https:\/\/schema.org","@graph":[{"@type":"WebPage","@id":"https:\/\/germacare.com\/de\/unternehmen\/","url":"https:\/\/germacare.com\/de\/unternehmen\/","name":"Unternehmen - Germacare","isPartOf":{"@id":"https:\/\/germacare.com\/de\/#website"},"datePublished":"2022-03-23T09:10:21+00:00","dateModified":"2024-11-07T12:37:53+00:00","breadcrumb":{"@id":"https:\/\/germacare.com\/de\/unternehmen\/#breadcrumb"},"inLanguage":"de","potentialAction":[{"@type":"ReadAction","target":["https:\/\/germacare.com\/de\/unternehmen\/"]}]},{"@type":"BreadcrumbList","@id":"https:\/\/germacare.com\/de\/unternehmen\/#breadcrumb","itemListElement":[{"@type":"ListItem","position":1,"name":"Startseite","item":"https:\/\/germacare.com\/de\/"},{"@type":"ListItem","position":2,"name":"Unternehmen"}]},{"@type":"WebSite","@id":"https:\/\/germacare.com\/de\/#website","url":"https:\/\/germacare.com\/de\/","name":"Germacare","description":"WHERE LOVE MEETS CARE","publisher":{"@id":"https:\/\/germacare.com\/de\/#organization"},"potentialAction":[{"@type":"SearchAction","target":{"@type":"EntryPoint","urlTemplate":"https:\/\/germacare.com\/de\/?s={search_term_string}"},"query-input":{"@type":"PropertyValueSpecification","valueRequired":true,"valueName":"search_term_string"}}],"inLanguage":"de"},{"@type":"Organization","@id":"https:\/\/germacare.com\/de\/#organization","name":"Germacare","url":"https:\/\/germacare.com\/de\/","logo":{"@type":"ImageObject","inLanguage":"de","@id":"https:\/\/germacare.com\/de\/#\/schema\/logo\/image\/","url":"https:\/\/germacare.com\/wp-content\/uploads\/2022\/02\/cropped-GC_Logo_mobile.png","contentUrl":"https:\/\/germacare.com\/wp-content\/uploads\/2022\/02\/cropped-GC_Logo_mobile.png","width":381,"height":96,"caption":"Germacare"},"image":{"@id":"https:\/\/germacare.com\/de\/#\/schema\/logo\/image\/"},"sameAs":["https:\/\/www.instagram.com\/germacare.de\/"]}]}},"_links":{"self":[{"href":"https:\/\/germacare.com\/de\/wp-json\/wp\/v2\/pages\/692","targetHints":{"allow":["GET"]}}],"collection":[{"href":"https:\/\/germacare.com\/de\/wp-json\/wp\/v2\/pages"}],"about":[{"href":"https:\/\/germacare.com\/de\/wp-json\/wp\/v2\/types\/page"}],"author":[{"embeddable":true,"href":"https:\/\/germacare.com\/de\/wp-json\/wp\/v2\/users\/1"}],"replies":[{"embeddable":true,"href":"https:\/\/germacare.com\/de\/wp-json\/wp\/v2\/comments?post=692"}],"version-history":[{"count":97,"href":"https:\/\/germacare.com\/de\/wp-json\/wp\/v2\/pages\/692\/revisions"}],"predecessor-version":[{"id":3195,"href":"https:\/\/germacare.com\/de\/wp-json\/wp\/v2\/pages\/692\/revisions\/3195"}],"wp:attachment":[{"href":"https:\/\/germacare.com\/de\/wp-json\/wp\/v2\/media?parent=692"}],"curies":[{"name":"wp","href":"https:\/\/api.w.org\/{rel}","templated":true}]}}